{"id":357,"date":"2018-07-03T10:42:12","date_gmt":"2018-07-03T08:42:12","guid":{"rendered":"http:\/\/grupatakapl.e-kei.pl\/glab\/?page_id=357"},"modified":"2024-06-03T16:43:07","modified_gmt":"2024-06-03T14:43:07","slug":"polityka-prywatnosci","status":"publish","type":"page","link":"https:\/\/glab.com.pl\/pl\/polityka-prywatnosci\/","title":{"rendered":"Polityka prywatno\u015bci"},"content":{"rendered":"<p><strong>POLITYKA PRYWATNO\u015aCI FIRMY UNITRA SP. Z O.O.<\/strong><\/p>\n<p>Niniejsza polityka prywatno\u015bci przeznaczona jest dla U\u017cytkownik\u00f3w strony internetowej https:\/\/glab.com.pl\/ oraz klient\u00f3w firmy Unitra sp\u00f3\u0142ka z ograniczon\u0105 odpowiedzialno\u015bci\u0105 z siedzib\u0105 w Warszawie (adres: ul. Przejazdowa 2b, 02-496 Warszawa). Polityka prywatno\u015bci reguluje kwestie zwi\u0105zane z przetwarzaniem danych osobowych.<\/p>\n<p><strong>Administrator danych osobowych oraz Inspektor Ochrony Danych.<\/strong><\/p>\n<p>Administratorem danych osobowych jest Unitra sp\u00f3\u0142ka z ograniczon\u0105 odpowiedzialno\u015bci\u0105 z siedzib\u0105 w Warszawie (adres: ul. Przejazdowa 2b, 02-496 Warszawa) e-mail: hello@unitra.com. Administrator wyznaczy\u0142 Inspektora Ochrony Danych, z kt\u00f3rym mo\u017cna si\u0119 kontaktowa\u0107 we wszelkich sprawach zwi\u0105zanych z przetwarzaniem danych osobowych za po\u015brednictwem poczty elektronicznej: iod.unitra@dpag.pl.<\/p>\n<p><strong>Zakres zbieranych danych.<\/strong><\/p>\n<p>Za po\u015brednictwem strony internetowej Administratora mog\u0105 zosta\u0107 przekazane takie dane osobowe jak: imi\u0119, nazwisko, adres poczty tradycyjnej, adres e-mail, numer telefonu, inne dobrowolnie podane dane w tre\u015bci formularza kontaktowego.<\/p>\n<p><strong>\u0179r\u00f3d\u0142o danych.<\/strong><\/p>\n<p>Dane osobowe zostaj\u0105 przekazane Administratorowi przez U\u017cytkownika strony internetowej \u2013 dane osobowe zebrane od osoby, kt\u00f3rej dane dotycz\u0105.<\/p>\n<p><strong>Cel i podstawa prawna przetwarzania danych osobowych.<\/strong><\/p>\n<p>Dane osobowe mog\u0105 by\u0107 przetwarzane w nast\u0119puj\u0105cych celach:<\/p>\n<ol>\n<li>zawarcia i realizacji umowy sprzeda\u017cy naszych produkt\u00f3w (art. 6 ust. 1 lit. b Rozporz\u0105dzenie Parlamentu Europejskiego i Rady (UE) 2016\/679 z dnia 27 kwietnia 2016 r. w sprawie ochrony os\u00f3b fizycznych w zwi\u0105zku z przetwarzaniem danych osobowych i w sprawie swobodnego przep\u0142ywu takich danych oraz uchylenia dyrektywy 95\/46\/WE (og\u00f3lne rozporz\u0105dzenie o ochronie danych) (Dz. U. UE. L. z 2016 r. Nr 119, str. 1 z p\u00f3\u017an. zm.) dalej \u201eRODO\u201d);<\/li>\n<li>dochodzenia roszcze\u0144, obrony przed tymi roszczeniami zwi\u0105zanymi z zawart\u0105 umow\u0105 co stanowi prawnie uzasadniony interes realizowany przez Administratora (art. 6 ust. 1 lit. f RODO);<\/li>\n<\/ol>\n<ol start=\"3\">\n<li>wype\u0142nienia obowi\u0105zku prawnego ci\u0105\u017c\u0105cego na Administratorze za co uzna\u0107 mo\u017cna realizacja faktur, prowadzenie ksi\u0105g rachunkowych i dokumentacji podatkowej (art. 6 ust. 1 lit. c RODO w zw. z Ustaw\u0105 z dnia 29 wrze\u015bnia 1994 r. o rachunkowo\u015bci (t.j. Dz. U. z 2023 r. poz. 120 z p\u00f3\u017an. zm.);<\/li>\n<li>przesy\u0142ania materia\u0142\u00f3w marketingowych oraz ofert handlowych w zwi\u0105zku z zapisem do Newsletter na podstawie wyra\u017conej zgody (art. 6 ust. 1 lit. a RODO);<\/li>\n<li>obs\u0142ugi przesy\u0142anych zapyta\u0144 poprzez formularz kontaktowy co stanowi prawnie uzasadniony interes realizowany przez Administratora (art. 6 ust. 1 lit. f RODO);<\/li>\n<li>obs\u0142ugi reklamacji naszych produkt\u00f3w w zwi\u0105zku z zawart\u0105 umow\u0105 (art. 6 ust. 1 lit. b, art. 6 ust. 1 lit. c RODO w zw. z Ustaw\u0105 z dnia 30 maja 2014 r. o prawach konsumenta (t.j. Dz. U. z 2020 r. poz. 287 z p\u00f3\u017an. zm.).<\/li>\n<\/ol>\n<p><strong>Prawo do wycofania zgody.<\/strong><\/p>\n<p>Zgod\u0119 na przetwarzanie danych kontaktowych mo\u017cna wycofa\u0107 w dowolnym momencie kontaktuj\u0105c si\u0119 z Administratorem lub Inspektorem Ochrony Danych. Wycofanie zgody nie wp\u0142ywa na zgodno\u015b\u0107 z prawem przetwarzania, kt\u00f3rego dokonano na podstawie zgody przed jej wycofaniem.<\/p>\n<p><strong>Obowi\u0105zek lub dobrowolno\u015b\u0107 podania danych<\/strong><\/p>\n<p>Podanie danych przez U\u017cytkownika jest dobrowolne, ale niezb\u0119dne do skorzystania z oferowanych przez Administratora us\u0142ug.<\/p>\n<p><strong>Uprawnienia wynikaj\u0105ce z RODO w zakresie przetwarzanych danych<\/strong><\/p>\n<ol>\n<li>wgl\u0105d do danych, a tak\u017ce otrzymania ich kopii (art. 15 RODO);<\/li>\n<li>sprostowanie lub poprawienie danych (art. 16 RODO);<\/li>\n<li>usuni\u0119cie danych (art. 17 RODO);<\/li>\n<li>ograniczenie przetwarzania (18 RODO);<\/li>\n<li>wniesienie sprzeciwu wobec przetwarzania danych osobowych (art. 21 RODO);<\/li>\n<li>wniesienia skargi do Prezesa Urz\u0119du Ochrony Danych Osobowych (ul. Stawki 2, 00-193) Warszawa w zwi\u0105zku z nieprawid\u0142owo\u015bciami w przetwarzaniu danych osobowych.<\/li>\n<\/ol>\n<p><strong>Odbiorcy Pani\/Pana danych osobowych<\/strong><\/p>\n<p>Dane osobowe mog\u0105 by\u0107 udost\u0119pniane lub powierzane podmiotom wsp\u00f3\u0142pracuj\u0105cym z Administratorem, je\u015bli jest to niezb\u0119dne do realizacji zada\u0144 Administratora, tj. np. firmie informatycznej, czy podmiotom \u015bwiadcz\u0105cym us\u0142ugi pocztowe lub kurierskie.<\/p>\n<p><strong>Czas przechowywania danych<\/strong><\/p>\n<p>Dane osobowe b\u0119d\u0105 przetwarzane przez czas:<\/p>\n<ol>\n<li>realizacji umowy, nast\u0119pnie przez okres wskazany przez przepisy podatkowe irachunkowe oraz przez czas niezb\u0119dny do dochodzenia roszcze\u0144 lub obrony przed nimi;<\/li>\n<li>do czasu wycofania zgody na przesy\u0142anie materia\u0142\u00f3w marketingowych oraz ofert handlowych w zwi\u0105zku z zapisem do newsletter lub do czasu zako\u0144czenia prowadzenia przez Administratora Newsletter;<\/li>\n<li>do czasu zako\u0144czenia obs\u0142ugi przes\u0142anego zapytania w ramach prowadzonego przez Administratora formularza kontaktowego;<\/li>\n<li>do czasu zako\u0144czenia obs\u0142ugi reklamacji naszych produkt\u00f3w z uwzgl\u0119dnieniem przepis\u00f3w szczeg\u00f3lnych dotycz\u0105cych przechowywania dokumentacji z ni\u0105 zwi\u0105zanych, tj. z Ustaw\u0105 z dnia 29 wrze\u015bnia 1994 r. o rachunkowo\u015bci (t.j. Dz. U. z 2023 r. poz. 120 z p\u00f3\u017an. zm.).<\/li>\n<\/ol>\n<p><strong>Przekazywanie danych do pa\u0144stwa trzeciego lub organizacji mi\u0119dzynarodowej<\/strong><\/p>\n<p>Korzystamy z rozwi\u0105za\u0144 technologicznych, kt\u00f3rych serwery znajduj\u0105 si\u0119 Stanach Zjednoczonych. Dane osobowe s\u0105 zatem przekazywane do pa\u0144stwa trzeciego (tj. pa\u0144stwa poza Europejskim Obszarem Gospodarczym) lub organizacji mi\u0119dzynarodowej a ich przekazanie jest realizowane wy\u0142\u0105cznie gdy Administrator i podmiot przetwarzaj\u0105cy spe\u0142ni\u0105 warunki okre\u015blone w rozdziale V RODO, tj. w sytuacji wydania przez Komisj\u0119 Europejsk\u0105 decyzji stwierdzaj\u0105cej odpowiedni stopie\u0144 ochrony okre\u015blonej w art. 45 ust. 3 RODO zapewnionej przez dane pa\u0144stwo trzecie, terytorium lub okre\u015blony sektor lub okre\u015blone sektory w tym pa\u0144stwie trzecim lub przez dan\u0105 organizacj\u0119 mi\u0119dzynarodow\u0105 (Decyzja) i gdy transfer danych mie\u015bci si\u0119 w zakresie Decyzji (lista Decyzji:<\/p>\n<p>https:\/\/ec.europa.eu\/info\/law\/law-topic\/data-protection\/international-dimension-data-protection\/adequacy-decisions_pl) &#8211; commercial organisations participating in the EU-US Data Privacy Framework. Wi\u0119cej informacji dot. ochrony danych osobowych przez naszych dostawc\u00f3w dost\u0119pne s\u0105 na stronach https:\/\/www.digitalocean.com\/legal\/data-processing-agreement oraz https:\/\/vercel.com\/legal\/privacy-policy.<\/p>\n<p><strong>Profilowanie<\/strong><\/p>\n<p>W odniesieniu do danych osobowych decyzje nie b\u0119d\u0105 podejmowane w spos\u00f3b zautomatyzowany, w tym nie b\u0119d\u0105 profilowane.<\/p>\n","protected":false},"excerpt":{"rendered":"<p>POLITYKA PRYWATNO\u015aCI FIRMY UNITRA SP. Z O.O. Niniejsza polityka prywatno\u015bci przeznaczona jest dla U\u017cytkownik\u00f3w strony internetowej https:\/\/glab.com.pl\/ oraz klient\u00f3w firmy [&hellip;]<\/p>\n","protected":false},"author":6,"featured_media":0,"parent":0,"menu_order":0,"comment_status":"closed","ping_status":"open","template":"","meta":{"inline_featured_image":false,"footnotes":""},"class_list":["post-357","page","type-page","status-publish","hentry"],"_links":{"self":[{"href":"https:\/\/glab.com.pl\/pl\/wp-json\/wp\/v2\/pages\/357","targetHints":{"allow":["GET"]}}],"collection":[{"href":"https:\/\/glab.com.pl\/pl\/wp-json\/wp\/v2\/pages"}],"about":[{"href":"https:\/\/glab.com.pl\/pl\/wp-json\/wp\/v2\/types\/page"}],"author":[{"embeddable":true,"href":"https:\/\/glab.com.pl\/pl\/wp-json\/wp\/v2\/users\/6"}],"replies":[{"embeddable":true,"href":"https:\/\/glab.com.pl\/pl\/wp-json\/wp\/v2\/comments?post=357"}],"version-history":[{"count":4,"href":"https:\/\/glab.com.pl\/pl\/wp-json\/wp\/v2\/pages\/357\/revisions"}],"predecessor-version":[{"id":1253,"href":"https:\/\/glab.com.pl\/pl\/wp-json\/wp\/v2\/pages\/357\/revisions\/1253"}],"wp:attachment":[{"href":"https:\/\/glab.com.pl\/pl\/wp-json\/wp\/v2\/media?parent=357"}],"curies":[{"name":"wp","href":"https:\/\/api.w.org\/{rel}","templated":true}]}}